{"id":11741,"date":"2024-09-20T15:14:34","date_gmt":"2024-09-20T13:14:34","guid":{"rendered":"https:\/\/www.proarti.fr\/services\/?page_id=11741"},"modified":"2024-09-26T16:21:04","modified_gmt":"2024-09-26T14:21:04","slug":"conseil","status":"publish","type":"page","link":"https:\/\/www.proarti.fr\/services\/conseil\/","title":{"rendered":"Conseil"},"content":{"rendered":"\t\t<div data-elementor-type=\"wp-page\" data-elementor-id=\"11741\" class=\"elementor elementor-11741\" data-elementor-post-type=\"page\">\n\t\t\t\t\t\t<section class=\"elementor-section elementor-top-section elementor-element elementor-element-24814078 elementor-section-height-min-height elementor-section-full_width elementor-section-height-default elementor-section-items-middle\" data-id=\"24814078\" data-element_type=\"section\" data-e-type=\"section\" data-settings=\"{&quot;background_background&quot;:&quot;classic&quot;}\">\n\t\t\t\t\t\t<div class=\"elementor-container elementor-column-gap-default\">\n\t\t\t\t\t<div class=\"elementor-column elementor-col-100 elementor-top-column elementor-element elementor-element-2fd00d70\" data-id=\"2fd00d70\" data-element_type=\"column\" data-e-type=\"column\">\n\t\t\t<div class=\"elementor-widget-wrap elementor-element-populated\">\n\t\t\t\t\t\t<div class=\"elementor-element elementor-element-6c6c4b43 elementor-widget elementor-widget-heading\" data-id=\"6c6c4b43\" data-element_type=\"widget\" data-e-type=\"widget\" data-widget_type=\"heading.default\">\n\t\t\t\t<div class=\"elementor-widget-container\">\n\t\t\t\t\t<h1 class=\"elementor-heading-title elementor-size-default\">Notre offre de conseil<\/h1>\t\t\t\t<\/div>\n\t\t\t\t<\/div>\n\t\t\t\t\t<\/div>\n\t\t<\/div>\n\t\t\t\t\t<\/div>\n\t\t<\/section>\n\t\t\t\t<section class=\"elementor-section elementor-top-section elementor-element elementor-element-67f64218 elementor-section-full_width elementor-section-height-default elementor-section-height-default\" data-id=\"67f64218\" data-element_type=\"section\" data-e-type=\"section\">\n\t\t\t\t\t\t<div class=\"elementor-container elementor-column-gap-default\">\n\t\t\t\t\t<div class=\"elementor-column elementor-col-100 elementor-top-column elementor-element elementor-element-6f2caee3\" data-id=\"6f2caee3\" data-element_type=\"column\" data-e-type=\"column\">\n\t\t\t<div class=\"elementor-widget-wrap elementor-element-populated\">\n\t\t\t\t\t\t<div class=\"elementor-element elementor-element-4ceeb483 elementor-widget elementor-widget-image\" data-id=\"4ceeb483\" data-element_type=\"widget\" data-e-type=\"widget\" data-widget_type=\"image.default\">\n\t\t\t\t<div class=\"elementor-widget-container\">\n\t\t\t\t\t\t\t\t\t\t\t\t\t\t\t<img decoding=\"async\" width=\"300\" height=\"125\" src=\"https:\/\/www.proarti.fr\/services\/wp-content\/uploads\/unlimited_elements\/proarti-conseil-rectangle-300x125.png\" class=\"attachment-medium size-medium wp-image-11569\" alt=\"\" srcset=\"https:\/\/www.proarti.fr\/services\/wp-content\/uploads\/unlimited_elements\/proarti-conseil-rectangle-300x125.png 300w, https:\/\/www.proarti.fr\/services\/wp-content\/uploads\/unlimited_elements\/proarti-conseil-rectangle-1024x425.png 1024w, https:\/\/www.proarti.fr\/services\/wp-content\/uploads\/unlimited_elements\/proarti-conseil-rectangle-768x319.png 768w, https:\/\/www.proarti.fr\/services\/wp-content\/uploads\/unlimited_elements\/proarti-conseil-rectangle-600x249.png 600w, https:\/\/www.proarti.fr\/services\/wp-content\/uploads\/unlimited_elements\/proarti-conseil-rectangle-120x50.png 120w, https:\/\/www.proarti.fr\/services\/wp-content\/uploads\/unlimited_elements\/proarti-conseil-rectangle.png 1462w\" sizes=\"(max-width: 300px) 100vw, 300px\" \/>\t\t\t\t\t\t\t\t\t\t\t\t\t\t\t<\/div>\n\t\t\t\t<\/div>\n\t\t\t\t\t<\/div>\n\t\t<\/div>\n\t\t\t\t\t<\/div>\n\t\t<\/section>\n\t\t\t\t<section class=\"elementor-section elementor-top-section elementor-element elementor-element-532a1b12 elementor-section-full_width elementor-section-height-default elementor-section-height-default\" data-id=\"532a1b12\" data-element_type=\"section\" data-e-type=\"section\">\n\t\t\t\t\t\t<div class=\"elementor-container elementor-column-gap-default\">\n\t\t\t\t\t<div class=\"elementor-column elementor-col-100 elementor-top-column elementor-element elementor-element-3e478a52\" data-id=\"3e478a52\" data-element_type=\"column\" data-e-type=\"column\">\n\t\t\t<div class=\"elementor-widget-wrap elementor-element-populated\">\n\t\t\t\t\t\t<section class=\"elementor-section elementor-inner-section elementor-element elementor-element-4073fa53 elementor-section-boxed elementor-section-height-default elementor-section-height-default\" data-id=\"4073fa53\" data-element_type=\"section\" data-e-type=\"section\">\n\t\t\t\t\t\t<div class=\"elementor-container elementor-column-gap-default\">\n\t\t\t\t\t<div class=\"elementor-column elementor-col-33 elementor-inner-column elementor-element elementor-element-2a9a05a7\" data-id=\"2a9a05a7\" data-element_type=\"column\" data-e-type=\"column\" data-settings=\"{&quot;background_background&quot;:&quot;classic&quot;,&quot;motion_fx_motion_fx_scrolling&quot;:&quot;yes&quot;,&quot;motion_fx_translateY_effect&quot;:&quot;yes&quot;,&quot;motion_fx_translateY_speed&quot;:{&quot;unit&quot;:&quot;px&quot;,&quot;size&quot;:&quot;5&quot;,&quot;sizes&quot;:[]},&quot;motion_fx_translateY_affectedRange&quot;:{&quot;unit&quot;:&quot;%&quot;,&quot;size&quot;:&quot;&quot;,&quot;sizes&quot;:{&quot;start&quot;:&quot;0&quot;,&quot;end&quot;:&quot;50&quot;}},&quot;motion_fx_devices&quot;:[&quot;desktop&quot;]}\">\n\t\t\t<div class=\"elementor-widget-wrap elementor-element-populated\">\n\t\t\t\t\t\t<div class=\"elementor-element elementor-element-67f99992 elementor-widget elementor-widget-heading\" data-id=\"67f99992\" data-element_type=\"widget\" data-e-type=\"widget\" data-widget_type=\"heading.default\">\n\t\t\t\t<div class=\"elementor-widget-container\">\n\t\t\t\t\t<h2 class=\"elementor-heading-title elementor-size-default\"><a href=\"https:\/\/www.proarti.fr\/services\/conseil-en-strategie-culturelle\/\">Strat\u00e9gie culturelle <\/a><\/h2>\t\t\t\t<\/div>\n\t\t\t\t<\/div>\n\t\t\t\t<div class=\"elementor-element elementor-element-6b825743 elementor-widget elementor-widget-text-editor\" data-id=\"6b825743\" data-element_type=\"widget\" data-e-type=\"widget\" data-widget_type=\"text-editor.default\">\n\t\t\t\t<div class=\"elementor-widget-container\">\n\t\t\t\t\t\t\t\t\t<p>&#8211; D\u00e9ploiement de strat\u00e9gie d&#8217;engagement culturel<\/p><p>&#8211; \u00c9tude et conseil artistique<\/p><p>&#8211; Strat\u00e9gie de m\u00e9c\u00e9nat<\/p>\t\t\t\t\t\t\t\t<\/div>\n\t\t\t\t<\/div>\n\t\t\t\t<div class=\"elementor-element elementor-element-384cfe96 elementor-widget elementor-widget-button\" data-id=\"384cfe96\" data-element_type=\"widget\" data-e-type=\"widget\" data-widget_type=\"button.default\">\n\t\t\t\t<div class=\"elementor-widget-container\">\n\t\t\t\t\t\t\t\t\t<div class=\"elementor-button-wrapper\">\n\t\t\t\t\t<a class=\"elementor-button elementor-button-link elementor-size-sm\" href=\"https:\/\/www.proarti.fr\/services\/conseil-en-strategie-culturelle\/\">\n\t\t\t\t\t\t<span class=\"elementor-button-content-wrapper\">\n\t\t\t\t\t\t\t\t\t<span class=\"elementor-button-text\">En savoir plus<\/span>\n\t\t\t\t\t<\/span>\n\t\t\t\t\t<\/a>\n\t\t\t\t<\/div>\n\t\t\t\t\t\t\t\t<\/div>\n\t\t\t\t<\/div>\n\t\t\t\t\t<\/div>\n\t\t<\/div>\n\t\t\t\t<div class=\"elementor-column elementor-col-33 elementor-inner-column elementor-element elementor-element-215e927d\" data-id=\"215e927d\" data-element_type=\"column\" data-e-type=\"column\" data-settings=\"{&quot;background_background&quot;:&quot;classic&quot;,&quot;motion_fx_motion_fx_scrolling&quot;:&quot;yes&quot;,&quot;motion_fx_translateY_effect&quot;:&quot;yes&quot;,&quot;motion_fx_translateY_speed&quot;:{&quot;unit&quot;:&quot;px&quot;,&quot;size&quot;:&quot;7&quot;,&quot;sizes&quot;:[]},&quot;motion_fx_translateY_affectedRange&quot;:{&quot;unit&quot;:&quot;%&quot;,&quot;size&quot;:&quot;&quot;,&quot;sizes&quot;:{&quot;start&quot;:&quot;0&quot;,&quot;end&quot;:&quot;50&quot;}},&quot;motion_fx_devices&quot;:[&quot;desktop&quot;]}\">\n\t\t\t<div class=\"elementor-widget-wrap elementor-element-populated\">\n\t\t\t\t\t\t<div class=\"elementor-element elementor-element-4d8da7a5 elementor-widget elementor-widget-heading\" data-id=\"4d8da7a5\" data-element_type=\"widget\" data-e-type=\"widget\" data-widget_type=\"heading.default\">\n\t\t\t\t<div class=\"elementor-widget-container\">\n\t\t\t\t\t<h2 class=\"elementor-heading-title elementor-size-default\"><a href=\"https:\/\/www.proarti.fr\/services\/conseil-ingenierie-culturelle\/\">Ing\u00e9nierie culturelle<\/a><\/h2>\t\t\t\t<\/div>\n\t\t\t\t<\/div>\n\t\t\t\t<div class=\"elementor-element elementor-element-6cf75c0b elementor-widget elementor-widget-text-editor\" data-id=\"6cf75c0b\" data-element_type=\"widget\" data-e-type=\"widget\" data-widget_type=\"text-editor.default\">\n\t\t\t\t<div class=\"elementor-widget-container\">\n\t\t\t\t\t\t\t\t\t<p class=\"font_3\"><span class=\"color_19\">&#8211; Ing\u00e9nierie artistique et culturelle<\/span><\/p><p class=\"font_3\"><span class=\"color_19\">&#8211; Ing\u00e9nierie de projets culturels participatifs<\/span><\/p><p class=\"font_3\"><span class=\"color_19\">&#8211; Conseil en communication digitale<\/span><\/p>\t\t\t\t\t\t\t\t<\/div>\n\t\t\t\t<\/div>\n\t\t\t\t<div class=\"elementor-element elementor-element-3f6d1ba3 elementor-widget elementor-widget-button\" data-id=\"3f6d1ba3\" data-element_type=\"widget\" data-e-type=\"widget\" data-widget_type=\"button.default\">\n\t\t\t\t<div class=\"elementor-widget-container\">\n\t\t\t\t\t\t\t\t\t<div class=\"elementor-button-wrapper\">\n\t\t\t\t\t<a class=\"elementor-button elementor-button-link elementor-size-sm\" href=\"https:\/\/www.proarti.fr\/services\/conseil-ingenierie-culturelle\/\">\n\t\t\t\t\t\t<span class=\"elementor-button-content-wrapper\">\n\t\t\t\t\t\t\t\t\t<span class=\"elementor-button-text\">En savoir plus<\/span>\n\t\t\t\t\t<\/span>\n\t\t\t\t\t<\/a>\n\t\t\t\t<\/div>\n\t\t\t\t\t\t\t\t<\/div>\n\t\t\t\t<\/div>\n\t\t\t\t\t<\/div>\n\t\t<\/div>\n\t\t\t\t<div class=\"elementor-column elementor-col-33 elementor-inner-column elementor-element elementor-element-3dd0a4a9\" data-id=\"3dd0a4a9\" data-element_type=\"column\" data-e-type=\"column\" data-settings=\"{&quot;background_background&quot;:&quot;classic&quot;,&quot;motion_fx_motion_fx_scrolling&quot;:&quot;yes&quot;,&quot;motion_fx_translateY_effect&quot;:&quot;yes&quot;,&quot;motion_fx_translateY_speed&quot;:{&quot;unit&quot;:&quot;px&quot;,&quot;size&quot;:&quot;9&quot;,&quot;sizes&quot;:[]},&quot;motion_fx_translateY_affectedRange&quot;:{&quot;unit&quot;:&quot;%&quot;,&quot;size&quot;:&quot;&quot;,&quot;sizes&quot;:{&quot;start&quot;:&quot;0&quot;,&quot;end&quot;:&quot;50&quot;}},&quot;motion_fx_devices&quot;:[&quot;desktop&quot;]}\">\n\t\t\t<div class=\"elementor-widget-wrap elementor-element-populated\">\n\t\t\t\t\t\t<div class=\"elementor-element elementor-element-477d20a3 elementor-widget elementor-widget-heading\" data-id=\"477d20a3\" data-element_type=\"widget\" data-e-type=\"widget\" data-widget_type=\"heading.default\">\n\t\t\t\t<div class=\"elementor-widget-container\">\n\t\t\t\t\t<h2 class=\"elementor-heading-title elementor-size-default\"><a href=\"https:\/\/www.proarti.fr\/services\/conseil-fundraising-mecenat\/\">Fundraising &amp; m\u00e9c\u00e9nat<\/a><\/h2>\t\t\t\t<\/div>\n\t\t\t\t<\/div>\n\t\t\t\t<div class=\"elementor-element elementor-element-67c83629 elementor-widget elementor-widget-text-editor\" data-id=\"67c83629\" data-element_type=\"widget\" data-e-type=\"widget\" data-widget_type=\"text-editor.default\">\n\t\t\t\t<div class=\"elementor-widget-container\">\n\t\t\t\t\t\t\t\t\t<p>&#8211; Recherche de partenaires financiers et m\u00e9c\u00e8nes<\/p><p>&#8211; Accompagnement dans les lev\u00e9es de fonds<\/p><p>&#8211; Campagnes de crowdfunding<\/p>\t\t\t\t\t\t\t\t<\/div>\n\t\t\t\t<\/div>\n\t\t\t\t<div class=\"elementor-element elementor-element-9c9692b elementor-widget elementor-widget-button\" data-id=\"9c9692b\" data-element_type=\"widget\" data-e-type=\"widget\" data-widget_type=\"button.default\">\n\t\t\t\t<div class=\"elementor-widget-container\">\n\t\t\t\t\t\t\t\t\t<div class=\"elementor-button-wrapper\">\n\t\t\t\t\t<a class=\"elementor-button elementor-button-link elementor-size-sm\" href=\"https:\/\/www.proarti.fr\/services\/conseil-fundraising-mecenat\/\">\n\t\t\t\t\t\t<span class=\"elementor-button-content-wrapper\">\n\t\t\t\t\t\t\t\t\t<span class=\"elementor-button-text\">En savoir plus<\/span>\n\t\t\t\t\t<\/span>\n\t\t\t\t\t<\/a>\n\t\t\t\t<\/div>\n\t\t\t\t\t\t\t\t<\/div>\n\t\t\t\t<\/div>\n\t\t\t\t\t<\/div>\n\t\t<\/div>\n\t\t\t\t\t<\/div>\n\t\t<\/section>\n\t\t\t\t\t<\/div>\n\t\t<\/div>\n\t\t\t\t\t<\/div>\n\t\t<\/section>\n\t\t\t\t<section class=\"elementor-section elementor-top-section elementor-element elementor-element-3988d680 elementor-section-full_width elementor-section-height-default elementor-section-height-default\" data-id=\"3988d680\" data-element_type=\"section\" data-e-type=\"section\" data-settings=\"{&quot;background_background&quot;:&quot;classic&quot;}\">\n\t\t\t\t\t\t<div class=\"elementor-container elementor-column-gap-default\">\n\t\t\t\t\t<div class=\"elementor-column elementor-col-100 elementor-top-column elementor-element elementor-element-4f4f7372\" data-id=\"4f4f7372\" data-element_type=\"column\" data-e-type=\"column\" data-settings=\"{&quot;background_background&quot;:&quot;classic&quot;}\">\n\t\t\t<div class=\"elementor-widget-wrap elementor-element-populated\">\n\t\t\t\t\t\t<div class=\"elementor-element elementor-element-931fb67 elementor-widget elementor-widget-heading\" data-id=\"931fb67\" data-element_type=\"widget\" data-e-type=\"widget\" data-widget_type=\"heading.default\">\n\t\t\t\t<div class=\"elementor-widget-container\">\n\t\t\t\t\t<h2 class=\"elementor-heading-title elementor-size-default\">Envie de passer \u00e0 l'\u00e9tape sup\u00e9rieure ?<\/h2>\t\t\t\t<\/div>\n\t\t\t\t<\/div>\n\t\t\t\t<div class=\"elementor-element elementor-element-798640b4 elementor-widget elementor-widget-text-editor\" data-id=\"798640b4\" data-element_type=\"widget\" data-e-type=\"widget\" data-widget_type=\"text-editor.default\">\n\t\t\t\t<div class=\"elementor-widget-container\">\n\t\t\t\t\t\t\t\t\t<p>R\u00e9server votre cr\u00e9neau pour une formation.<\/p>\t\t\t\t\t\t\t\t<\/div>\n\t\t\t\t<\/div>\n\t\t\t\t<div class=\"elementor-element elementor-element-272869a elementor-align-center elementor-widget elementor-widget-button\" data-id=\"272869a\" data-element_type=\"widget\" data-e-type=\"widget\" data-widget_type=\"button.default\">\n\t\t\t\t<div class=\"elementor-widget-container\">\n\t\t\t\t\t\t\t\t\t<div class=\"elementor-button-wrapper\">\n\t\t\t\t\t<a class=\"elementor-button elementor-button-link elementor-size-md\" href=\"https:\/\/www.proarti.fr\/services\/contact\/\">\n\t\t\t\t\t\t<span class=\"elementor-button-content-wrapper\">\n\t\t\t\t\t\t<span class=\"elementor-button-icon\">\n\t\t\t\t<i aria-hidden=\"true\" class=\"fas fa-long-arrow-alt-right\"><\/i>\t\t\t<\/span>\n\t\t\t\t\t\t\t\t\t<span class=\"elementor-button-text\">Contactez-nous<\/span>\n\t\t\t\t\t<\/span>\n\t\t\t\t\t<\/a>\n\t\t\t\t<\/div>\n\t\t\t\t\t\t\t\t<\/div>\n\t\t\t\t<\/div>\n\t\t\t\t\t<\/div>\n\t\t<\/div>\n\t\t\t\t\t<\/div>\n\t\t<\/section>\n\t\t\t\t<\/div>\n\t\t","protected":false},"excerpt":{"rendered":"<p>Notre offre de conseil Strat\u00e9gie culturelle &#8211; D\u00e9ploiement de strat\u00e9gie d&#8217;engagement culturel &#8211; \u00c9tude et conseil artistique &#8211; Strat\u00e9gie de<\/p>\n","protected":false},"author":15,"featured_media":0,"parent":0,"menu_order":0,"comment_status":"closed","ping_status":"closed","template":"elementor_header_footer","meta":{"_tutorstarter_page_metadata":[],"footnotes":""},"class_list":["post-11741","page","type-page","status-publish","hentry"],"yoast_head":"<!-- This site is optimized with the Yoast SEO plugin v26.8 - https:\/\/yoast.com\/product\/yoast-seo-wordpress\/ -->\n<title>Conseil - Proarti services<\/title>\n<meta name=\"robots\" content=\"index, follow, max-snippet:-1, max-image-preview:large, max-video-preview:-1\" \/>\n<link rel=\"canonical\" href=\"https:\/\/www.proarti.fr\/services\/conseil\/\" \/>\n<meta property=\"og:locale\" content=\"en_US\" \/>\n<meta property=\"og:type\" content=\"article\" \/>\n<meta property=\"og:title\" content=\"Conseil - Proarti services\" \/>\n<meta property=\"og:description\" content=\"Notre offre de conseil Strat\u00e9gie culturelle &#8211; D\u00e9ploiement de strat\u00e9gie d&#8217;engagement culturel &#8211; \u00c9tude et conseil artistique &#8211; Strat\u00e9gie de\" \/>\n<meta property=\"og:url\" content=\"https:\/\/www.proarti.fr\/services\/conseil\/\" \/>\n<meta property=\"og:site_name\" content=\"Proarti services\" \/>\n<meta property=\"article:modified_time\" content=\"2024-09-26T14:21:04+00:00\" \/>\n<meta property=\"og:image\" content=\"https:\/\/www.proarti.fr\/services\/wp-content\/uploads\/unlimited_elements\/proarti-conseil-rectangle-300x125.png\" \/>\n<meta name=\"twitter:card\" content=\"summary_large_image\" \/>\n<meta name=\"twitter:label1\" content=\"Est. reading time\" \/>\n\t<meta name=\"twitter:data1\" content=\"1 minute\" \/>\n<script type=\"application\/ld+json\" class=\"yoast-schema-graph\">{\"@context\":\"https:\/\/schema.org\",\"@graph\":[{\"@type\":\"WebPage\",\"@id\":\"https:\/\/www.proarti.fr\/services\/conseil\/\",\"url\":\"https:\/\/www.proarti.fr\/services\/conseil\/\",\"name\":\"Conseil - Proarti services\",\"isPartOf\":{\"@id\":\"https:\/\/www.proarti.fr\/services\/#website\"},\"primaryImageOfPage\":{\"@id\":\"https:\/\/www.proarti.fr\/services\/conseil\/#primaryimage\"},\"image\":{\"@id\":\"https:\/\/www.proarti.fr\/services\/conseil\/#primaryimage\"},\"thumbnailUrl\":\"https:\/\/www.proarti.fr\/services\/wp-content\/uploads\/unlimited_elements\/proarti-conseil-rectangle-300x125.png\",\"datePublished\":\"2024-09-20T13:14:34+00:00\",\"dateModified\":\"2024-09-26T14:21:04+00:00\",\"breadcrumb\":{\"@id\":\"https:\/\/www.proarti.fr\/services\/conseil\/#breadcrumb\"},\"inLanguage\":\"en-US\",\"potentialAction\":[{\"@type\":\"ReadAction\",\"target\":[\"https:\/\/www.proarti.fr\/services\/conseil\/\"]}]},{\"@type\":\"ImageObject\",\"inLanguage\":\"en-US\",\"@id\":\"https:\/\/www.proarti.fr\/services\/conseil\/#primaryimage\",\"url\":\"https:\/\/www.proarti.fr\/services\/wp-content\/uploads\/unlimited_elements\/proarti-conseil-rectangle.png\",\"contentUrl\":\"https:\/\/www.proarti.fr\/services\/wp-content\/uploads\/unlimited_elements\/proarti-conseil-rectangle.png\",\"width\":1462,\"height\":607},{\"@type\":\"BreadcrumbList\",\"@id\":\"https:\/\/www.proarti.fr\/services\/conseil\/#breadcrumb\",\"itemListElement\":[{\"@type\":\"ListItem\",\"position\":1,\"name\":\"Accueil\",\"item\":\"https:\/\/www.proarti.fr\/services\/accueil-service-nouveau\/\"},{\"@type\":\"ListItem\",\"position\":2,\"name\":\"Conseil\"}]},{\"@type\":\"WebSite\",\"@id\":\"https:\/\/www.proarti.fr\/services\/#website\",\"url\":\"https:\/\/www.proarti.fr\/services\/\",\"name\":\"Proarti services\",\"description\":\"Plateforme d&#039;apprentissage destin\u00e9e au monde de la culture\",\"publisher\":{\"@id\":\"https:\/\/www.proarti.fr\/services\/#organization\"},\"potentialAction\":[{\"@type\":\"SearchAction\",\"target\":{\"@type\":\"EntryPoint\",\"urlTemplate\":\"https:\/\/www.proarti.fr\/services\/?s={search_term_string}\"},\"query-input\":{\"@type\":\"PropertyValueSpecification\",\"valueRequired\":true,\"valueName\":\"search_term_string\"}}],\"inLanguage\":\"en-US\"},{\"@type\":\"Organization\",\"@id\":\"https:\/\/www.proarti.fr\/services\/#organization\",\"name\":\"Proarti services\",\"url\":\"https:\/\/www.proarti.fr\/services\/\",\"logo\":{\"@type\":\"ImageObject\",\"inLanguage\":\"en-US\",\"@id\":\"https:\/\/www.proarti.fr\/services\/#\/schema\/logo\/image\/\",\"url\":\"https:\/\/www.proarti.fr\/services\/wp-content\/uploads\/2022\/08\/cropped-cropped-Logoproarti-small.png\",\"contentUrl\":\"https:\/\/www.proarti.fr\/services\/wp-content\/uploads\/2022\/08\/cropped-cropped-Logoproarti-small.png\",\"width\":200,\"height\":100,\"caption\":\"Proarti services\"},\"image\":{\"@id\":\"https:\/\/www.proarti.fr\/services\/#\/schema\/logo\/image\/\"}}]}<\/script>\n<!-- \/ Yoast SEO plugin. -->","yoast_head_json":{"title":"Conseil - Proarti services","robots":{"index":"index","follow":"follow","max-snippet":"max-snippet:-1","max-image-preview":"max-image-preview:large","max-video-preview":"max-video-preview:-1"},"canonical":"https:\/\/www.proarti.fr\/services\/conseil\/","og_locale":"en_US","og_type":"article","og_title":"Conseil - Proarti services","og_description":"Notre offre de conseil Strat\u00e9gie culturelle &#8211; D\u00e9ploiement de strat\u00e9gie d&#8217;engagement culturel &#8211; \u00c9tude et conseil artistique &#8211; Strat\u00e9gie de","og_url":"https:\/\/www.proarti.fr\/services\/conseil\/","og_site_name":"Proarti services","article_modified_time":"2024-09-26T14:21:04+00:00","og_image":[{"url":"https:\/\/www.proarti.fr\/services\/wp-content\/uploads\/unlimited_elements\/proarti-conseil-rectangle-300x125.png","type":"","width":"","height":""}],"twitter_card":"summary_large_image","twitter_misc":{"Est. reading time":"1 minute"},"schema":{"@context":"https:\/\/schema.org","@graph":[{"@type":"WebPage","@id":"https:\/\/www.proarti.fr\/services\/conseil\/","url":"https:\/\/www.proarti.fr\/services\/conseil\/","name":"Conseil - Proarti services","isPartOf":{"@id":"https:\/\/www.proarti.fr\/services\/#website"},"primaryImageOfPage":{"@id":"https:\/\/www.proarti.fr\/services\/conseil\/#primaryimage"},"image":{"@id":"https:\/\/www.proarti.fr\/services\/conseil\/#primaryimage"},"thumbnailUrl":"https:\/\/www.proarti.fr\/services\/wp-content\/uploads\/unlimited_elements\/proarti-conseil-rectangle-300x125.png","datePublished":"2024-09-20T13:14:34+00:00","dateModified":"2024-09-26T14:21:04+00:00","breadcrumb":{"@id":"https:\/\/www.proarti.fr\/services\/conseil\/#breadcrumb"},"inLanguage":"en-US","potentialAction":[{"@type":"ReadAction","target":["https:\/\/www.proarti.fr\/services\/conseil\/"]}]},{"@type":"ImageObject","inLanguage":"en-US","@id":"https:\/\/www.proarti.fr\/services\/conseil\/#primaryimage","url":"https:\/\/www.proarti.fr\/services\/wp-content\/uploads\/unlimited_elements\/proarti-conseil-rectangle.png","contentUrl":"https:\/\/www.proarti.fr\/services\/wp-content\/uploads\/unlimited_elements\/proarti-conseil-rectangle.png","width":1462,"height":607},{"@type":"BreadcrumbList","@id":"https:\/\/www.proarti.fr\/services\/conseil\/#breadcrumb","itemListElement":[{"@type":"ListItem","position":1,"name":"Accueil","item":"https:\/\/www.proarti.fr\/services\/accueil-service-nouveau\/"},{"@type":"ListItem","position":2,"name":"Conseil"}]},{"@type":"WebSite","@id":"https:\/\/www.proarti.fr\/services\/#website","url":"https:\/\/www.proarti.fr\/services\/","name":"Proarti services","description":"Plateforme d&#039;apprentissage destin\u00e9e au monde de la culture","publisher":{"@id":"https:\/\/www.proarti.fr\/services\/#organization"},"potentialAction":[{"@type":"SearchAction","target":{"@type":"EntryPoint","urlTemplate":"https:\/\/www.proarti.fr\/services\/?s={search_term_string}"},"query-input":{"@type":"PropertyValueSpecification","valueRequired":true,"valueName":"search_term_string"}}],"inLanguage":"en-US"},{"@type":"Organization","@id":"https:\/\/www.proarti.fr\/services\/#organization","name":"Proarti services","url":"https:\/\/www.proarti.fr\/services\/","logo":{"@type":"ImageObject","inLanguage":"en-US","@id":"https:\/\/www.proarti.fr\/services\/#\/schema\/logo\/image\/","url":"https:\/\/www.proarti.fr\/services\/wp-content\/uploads\/2022\/08\/cropped-cropped-Logoproarti-small.png","contentUrl":"https:\/\/www.proarti.fr\/services\/wp-content\/uploads\/2022\/08\/cropped-cropped-Logoproarti-small.png","width":200,"height":100,"caption":"Proarti services"},"image":{"@id":"https:\/\/www.proarti.fr\/services\/#\/schema\/logo\/image\/"}}]}},"_links":{"self":[{"href":"https:\/\/www.proarti.fr\/services\/wp-json\/wp\/v2\/pages\/11741","targetHints":{"allow":["GET"]}}],"collection":[{"href":"https:\/\/www.proarti.fr\/services\/wp-json\/wp\/v2\/pages"}],"about":[{"href":"https:\/\/www.proarti.fr\/services\/wp-json\/wp\/v2\/types\/page"}],"author":[{"embeddable":true,"href":"https:\/\/www.proarti.fr\/services\/wp-json\/wp\/v2\/users\/15"}],"replies":[{"embeddable":true,"href":"https:\/\/www.proarti.fr\/services\/wp-json\/wp\/v2\/comments?post=11741"}],"version-history":[{"count":7,"href":"https:\/\/www.proarti.fr\/services\/wp-json\/wp\/v2\/pages\/11741\/revisions"}],"predecessor-version":[{"id":12151,"href":"https:\/\/www.proarti.fr\/services\/wp-json\/wp\/v2\/pages\/11741\/revisions\/12151"}],"wp:attachment":[{"href":"https:\/\/www.proarti.fr\/services\/wp-json\/wp\/v2\/media?parent=11741"}],"curies":[{"name":"wp","href":"https:\/\/api.w.org\/{rel}","templated":true}]}}